{"id":3,"date":"2023-07-10T10:57:31","date_gmt":"2023-07-10T14:57:31","guid":{"rendered":"https:\/\/pourapprendre.com\/?page_id=3"},"modified":"2023-09-22T16:26:36","modified_gmt":"2023-09-22T20:26:36","slug":"politique-de-confidentialite","status":"publish","type":"page","link":"https:\/\/pourapprendre.com\/index.php\/politique-de-confidentialite\/","title":{"rendered":"Politique de confidentialit\u00e9"},"content":{"rendered":"\n<h2 class=\"wp-block-heading\">Qui sommes-nous<\/h2>\n\n\n\n<p>L&rsquo;adresse de notre site web est : https:\/\/pourapprendre.com.<\/p>\n\n\n\n<p>Pour Apprendre appartient \u00e0 Strat\u00e9gies Flash Marketing Inc.<\/p>\n\n\n\n<h2 class=\"wp-block-heading\">Commentaires<\/h2>\n\n\n\n<p>Quand vous laissez un commentaire sur notre site web, les donn\u00e9es inscrites dans le formulaire de commentaire, mais aussi votre adresse IP et l\u2019agent utilisateur de votre navigateur sont collect\u00e9s pour nous aider \u00e0 la d\u00e9tection des commentaires ind\u00e9sirables.<\/p>\n\n\n\n<p>Une cha\u00eene anonymis\u00e9e cr\u00e9\u00e9e \u00e0 partir de votre adresse courriel (\u00e9galement appel\u00e9e \u00ab\u00a0hash\u00a0\u00bb) peut \u00eatre envoy\u00e9e au service Gravatar pour v\u00e9rifier si vous utilisez ce dernier. Les politiques de confidentialit\u00e9 du service Gravatar sont disponibles ici : https:\/\/automattic.com\/privacy\/. Apr\u00e8s validation de votre commentaire, votre photo de profil sera visible publiquement \u00e0 cot\u00e9 de votre commentaire.<\/p>\n\n\n\n<h2 class=\"wp-block-heading\">M\u00e9dia<\/h2>\n\n\n\n<p>Si vous t\u00e9l\u00e9versez des images sur le site web, nous vous conseillons d\u2019\u00e9viter de t\u00e9l\u00e9verser des images contenant des donn\u00e9es EXIF contenant des coordonn\u00e9es GPS. Les visiteurs de ce site web peuvent t\u00e9l\u00e9charger et extraire des donn\u00e9es de localisation depuis ces images.<\/p>\n\n\n\n<h2 class=\"wp-block-heading\">T\u00e9moins<\/h2>\n\n\n\n<p>Si vous laissez un commentaire sur notre site, il vous sera propos\u00e9 d\u2019enregistrer votre nom, adresse courriel et site web dans des t\u00e9moins. C\u2019est uniquement pour vous simplifier la vie afin de ne pas avoir \u00e0 saisir ces informations si vous laissez un autre commentaire plus tard. Ces t\u00e9moins expirent au bout d\u2019un an.<\/p>\n\n\n\n<p>Si vous vous rendez sur la page de connexion, un t\u00e9moin temporaire sera cr\u00e9\u00e9 afin de d\u00e9terminer si votre navigateur accepte les t\u00e9moins. Il ne contient pas de donn\u00e9es personnelles et sera supprim\u00e9 automatiquement \u00e0 la fermeture de votre navigateur.<\/p>\n\n\n\n<p>Lorsque vous vous connecterez, nous mettrons en place un certain nombre de t\u00e9moins pour enregistrer vos informations de connexion et vos pr\u00e9f\u00e9rences d\u2019\u00e9cran. La dur\u00e9e de vie d\u2019un t\u00e9moin de connexion est de deux jours, celle d\u2019un t\u00e9moin d\u2019option d\u2019\u00e9cran est d\u2019un an. Si vous cochez \u00ab Se souvenir de moi \u00bb, votre t\u00e9moin de connexion sera conserv\u00e9 pendant deux semaines. Si vous vous d\u00e9connectez de votre compte, le t\u00e9moin de connexion sera effac\u00e9.<\/p>\n\n\n\n<p>En modifiant ou en publiant un article, un t\u00e9moin suppl\u00e9mentaire sera enregistr\u00e9 dans votre navigateur. Ce t\u00e9moin ne comprend aucune donn\u00e9e personnelle. Il indique simplement l\u2019identifiant de l\u2019article que vous venez de modifier. Il expire au bout d\u2019une journ\u00e9e.<\/p>\n\n\n\n<h2 class=\"wp-block-heading\">Contenu imbriqu\u00e9 d&rsquo;autres sites web<\/h2>\n\n\n\n<p>Les articles de ce site peuvent inclure des contenus int\u00e9gr\u00e9s (par exemple des vid\u00e9os, images, articles, etc). Le contenu int\u00e9gr\u00e9 \u00e0 partir d\u2019autres sites se comporte de la m\u00eame mani\u00e8re que si le visiteur se rendait sur cet autre site.<\/p>\n\n\n\n<p>Ces sites web pourraient recueillir des donn\u00e9es sur vous, utiliser des t\u00e9moins, installer des outils de suivi tierce-partie ou suivre vos interactions avec ces contenus int\u00e9gr\u00e9s si vous disposez d\u2019un compte et \u00eates connect\u00e9 leur site web.<\/p>\n\n\n\n<h2 class=\"wp-block-heading\">Avec qui partageons-nous vos donn\u00e9es<\/h2>\n\n\n\n<p><strong>Outils d&rsquo;analyse<\/strong><\/p>\n\n\n\n<p>Nous utilisons des outils comme Google Analytics nous permettant d&rsquo;analyser les comportements de nos clients afin d&rsquo;am\u00e9liorer notre service \u00e0 la client\u00e8le et notre offre de produits afin d&rsquo;offrir la meilleure exp\u00e9rience de magasinage en ligne \u00e0 nos clients.<\/p>\n\n\n\n<p>Si vous demandez une r\u00e9initialisation de votre mot de passe, votre adresse IP sera incluse dans le courriel de r\u00e9initialisation.<\/p>\n\n\n\n<h2 class=\"wp-block-heading\">Pendant combien de temps vos donn\u00e9es sont-elles conserv\u00e9es ?<\/h2>\n\n\n\n<p>Si vous laissez un commentaire, le commentaire et ses m\u00e9tadonn\u00e9es sont conserv\u00e9s ind\u00e9finiment. Ceci permet de reconna\u00eetre et approuver automatiquement les commentaires suivants au lieu de les laisser dans la file de mod\u00e9ration.<\/p>\n\n\n\n<p>Pour les utilisateurs qui s\u2019enregistrent sur notre site (si cela est possible), nous conservons \u00e9galement les donn\u00e9es personnelles indiqu\u00e9es dans leur profil. Tous les utilisateurs peuvent voir, modifier ou supprimer leurs informations personnelles \u00e0 tout moment (\u00e0 l\u2019exception de leur nom d\u2019utilisateur). Les gestionnaires du site peuvent aussi voir et modifier ces informations.<\/p>\n\n\n\n<h2 class=\"wp-block-heading\">Quels sont vos droits sur vos donn\u00e9es ?<\/h2>\n\n\n\n<p>Si vous avez un compte ou si vous avez laiss\u00e9 des commentaires sur ce site, vous pouvez demander \u00e0 recevoir un fichier contenant toutes les donn\u00e9es personnelles que nous poss\u00e9dons \u00e0 votre sujet, incluant celles que vous nous avez fournies. Vous pouvez \u00e9galement demander la suppression des donn\u00e9es personnelles vous concernant. Ceci ne prend pas en compte les donn\u00e9es conserv\u00e9es \u00e0 des fins administratives, l\u00e9gales ou pour des raisons de s\u00e9curit\u00e9.<\/p>\n\n\n\n<h2 class=\"wp-block-heading\">O\u00f9 vos donn\u00e9es sont envoy\u00e9es<\/h2>\n\n\n\n<p>Les commentaires des visiteurs peuvent \u00eatre v\u00e9rifi\u00e9s \u00e0 l\u2019aide d\u2019un service automatis\u00e9 de d\u00e9tection des commentaires ind\u00e9sirables.<\/p>\n\n\n\n<p>Lorsque vous utilisez une carte de cr\u00e9dit pour r\u00e9gler un achat par l&rsquo;entremise de notre site Web, aucun renseignement li\u00e9 \u00e0 votre carte de cr\u00e9dit n&rsquo;est recueilli par Pour Apprendre. Votre paiement est trait\u00e9 et administr\u00e9 par les solutions bancaires directement sur leur site Web s\u00e9curis\u00e9 pour vos achats en ligne.<\/p>\n\n\n\n<p><strong>Responsable de la protection des renseignements personnels<\/strong><strong><\/strong><\/p>\n\n\n\n<p>M. R\u00e9jean Trottier, vice-pr\u00e9sident de Strat\u00e9gies Flash Marketing agit \u00e0 titre de responsable de la protection des renseignements personnels.<\/p>\n\n\n\n<p>Vous pouvez le joindre:<\/p>\n\n\n\n<ul class=\"wp-block-list\">\n<li>par courriel \u00e0 admin@flashmarketing.ca<\/li>\n\n\n\n<li>par la poste \u00e0 l&rsquo;adresse suivante :<\/li>\n<\/ul>\n\n\n\n<p>8700, rue Notre-Dame Ouest, Trois-Rivi\u00e8res, (Qu\u00e9bec), G9B 2J2<\/p>\n","protected":false},"excerpt":{"rendered":"<p>Qui sommes-nous L&rsquo;adresse de notre site web est : https:\/\/pourapprendre.com. Pour Apprendre appartient \u00e0 Strat\u00e9gies Flash Marketing Inc. Commentaires Quand [&hellip;]<\/p>\n","protected":false},"author":1,"featured_media":0,"parent":0,"menu_order":0,"comment_status":"closed","ping_status":"open","template":"","meta":{"footnotes":""},"class_list":["post-3","page","type-page","status-publish","hentry"],"yoast_head":"<!-- This site is optimized with the Yoast SEO plugin v26.9 - https:\/\/yoast.com\/product\/yoast-seo-wordpress\/ -->\n<title>Politique de confidentialit\u00e9 - Pour Apprendre<\/title>\n<meta name=\"robots\" content=\"index, follow, max-snippet:-1, max-image-preview:large, max-video-preview:-1\" \/>\n<link rel=\"canonical\" href=\"https:\/\/pourapprendre.com\/index.php\/politique-de-confidentialite\/\" \/>\n<meta property=\"og:locale\" content=\"fr_CA\" \/>\n<meta property=\"og:type\" content=\"article\" \/>\n<meta property=\"og:title\" content=\"Politique de confidentialit\u00e9 - Pour Apprendre\" \/>\n<meta property=\"og:description\" content=\"Qui sommes-nous L&rsquo;adresse de notre site web est : https:\/\/pourapprendre.com. Pour Apprendre appartient \u00e0 Strat\u00e9gies Flash Marketing Inc. Commentaires Quand [&hellip;]\" \/>\n<meta property=\"og:url\" content=\"https:\/\/pourapprendre.com\/index.php\/politique-de-confidentialite\/\" \/>\n<meta property=\"og:site_name\" content=\"Pour Apprendre\" \/>\n<meta property=\"article:modified_time\" content=\"2023-09-22T20:26:36+00:00\" \/>\n<meta name=\"twitter:card\" content=\"summary_large_image\" \/>\n<meta name=\"twitter:label1\" content=\"Estimation du temps de lecture\" \/>\n\t<meta name=\"twitter:data1\" content=\"5 minutes\" \/>\n<script type=\"application\/ld+json\" class=\"yoast-schema-graph\">{\"@context\":\"https:\/\/schema.org\",\"@graph\":[{\"@type\":\"WebPage\",\"@id\":\"https:\/\/pourapprendre.com\/index.php\/politique-de-confidentialite\/\",\"url\":\"https:\/\/pourapprendre.com\/index.php\/politique-de-confidentialite\/\",\"name\":\"Politique de confidentialit\u00e9 - Pour Apprendre\",\"isPartOf\":{\"@id\":\"https:\/\/pourapprendre.com\/#website\"},\"datePublished\":\"2023-07-10T14:57:31+00:00\",\"dateModified\":\"2023-09-22T20:26:36+00:00\",\"breadcrumb\":{\"@id\":\"https:\/\/pourapprendre.com\/index.php\/politique-de-confidentialite\/#breadcrumb\"},\"inLanguage\":\"fr-CA\",\"potentialAction\":[{\"@type\":\"ReadAction\",\"target\":[\"https:\/\/pourapprendre.com\/index.php\/politique-de-confidentialite\/\"]}]},{\"@type\":\"BreadcrumbList\",\"@id\":\"https:\/\/pourapprendre.com\/index.php\/politique-de-confidentialite\/#breadcrumb\",\"itemListElement\":[{\"@type\":\"ListItem\",\"position\":1,\"name\":\"Accueil\",\"item\":\"https:\/\/pourapprendre.com\/\"},{\"@type\":\"ListItem\",\"position\":2,\"name\":\"Politique de confidentialit\u00e9\"}]},{\"@type\":\"WebSite\",\"@id\":\"https:\/\/pourapprendre.com\/#website\",\"url\":\"https:\/\/pourapprendre.com\/\",\"name\":\"Pour apprendre\",\"description\":\"Am\u00e9liore tes comp\u00e9tences dans le plaisir.\",\"publisher\":{\"@id\":\"https:\/\/pourapprendre.com\/#organization\"},\"potentialAction\":[{\"@type\":\"SearchAction\",\"target\":{\"@type\":\"EntryPoint\",\"urlTemplate\":\"https:\/\/pourapprendre.com\/?s={search_term_string}\"},\"query-input\":{\"@type\":\"PropertyValueSpecification\",\"valueRequired\":true,\"valueName\":\"search_term_string\"}}],\"inLanguage\":\"fr-CA\"},{\"@type\":\"Organization\",\"@id\":\"https:\/\/pourapprendre.com\/#organization\",\"name\":\"Pour apprendre\",\"url\":\"https:\/\/pourapprendre.com\/\",\"logo\":{\"@type\":\"ImageObject\",\"inLanguage\":\"fr-CA\",\"@id\":\"https:\/\/pourapprendre.com\/#\/schema\/logo\/image\/\",\"url\":\"https:\/\/pourapprendre.com\/wp-content\/uploads\/2023\/08\/Pour-Apprendre-Icone-1.png\",\"contentUrl\":\"https:\/\/pourapprendre.com\/wp-content\/uploads\/2023\/08\/Pour-Apprendre-Icone-1.png\",\"width\":1563,\"height\":1563,\"caption\":\"Pour apprendre\"},\"image\":{\"@id\":\"https:\/\/pourapprendre.com\/#\/schema\/logo\/image\/\"}}]}<\/script>\n<!-- \/ Yoast SEO plugin. -->","yoast_head_json":{"title":"Politique de confidentialit\u00e9 - Pour Apprendre","robots":{"index":"index","follow":"follow","max-snippet":"max-snippet:-1","max-image-preview":"max-image-preview:large","max-video-preview":"max-video-preview:-1"},"canonical":"https:\/\/pourapprendre.com\/index.php\/politique-de-confidentialite\/","og_locale":"fr_CA","og_type":"article","og_title":"Politique de confidentialit\u00e9 - Pour Apprendre","og_description":"Qui sommes-nous L&rsquo;adresse de notre site web est : https:\/\/pourapprendre.com. Pour Apprendre appartient \u00e0 Strat\u00e9gies Flash Marketing Inc. Commentaires Quand [&hellip;]","og_url":"https:\/\/pourapprendre.com\/index.php\/politique-de-confidentialite\/","og_site_name":"Pour Apprendre","article_modified_time":"2023-09-22T20:26:36+00:00","twitter_card":"summary_large_image","twitter_misc":{"Estimation du temps de lecture":"5 minutes"},"schema":{"@context":"https:\/\/schema.org","@graph":[{"@type":"WebPage","@id":"https:\/\/pourapprendre.com\/index.php\/politique-de-confidentialite\/","url":"https:\/\/pourapprendre.com\/index.php\/politique-de-confidentialite\/","name":"Politique de confidentialit\u00e9 - Pour Apprendre","isPartOf":{"@id":"https:\/\/pourapprendre.com\/#website"},"datePublished":"2023-07-10T14:57:31+00:00","dateModified":"2023-09-22T20:26:36+00:00","breadcrumb":{"@id":"https:\/\/pourapprendre.com\/index.php\/politique-de-confidentialite\/#breadcrumb"},"inLanguage":"fr-CA","potentialAction":[{"@type":"ReadAction","target":["https:\/\/pourapprendre.com\/index.php\/politique-de-confidentialite\/"]}]},{"@type":"BreadcrumbList","@id":"https:\/\/pourapprendre.com\/index.php\/politique-de-confidentialite\/#breadcrumb","itemListElement":[{"@type":"ListItem","position":1,"name":"Accueil","item":"https:\/\/pourapprendre.com\/"},{"@type":"ListItem","position":2,"name":"Politique de confidentialit\u00e9"}]},{"@type":"WebSite","@id":"https:\/\/pourapprendre.com\/#website","url":"https:\/\/pourapprendre.com\/","name":"Pour apprendre","description":"Am\u00e9liore tes comp\u00e9tences dans le plaisir.","publisher":{"@id":"https:\/\/pourapprendre.com\/#organization"},"potentialAction":[{"@type":"SearchAction","target":{"@type":"EntryPoint","urlTemplate":"https:\/\/pourapprendre.com\/?s={search_term_string}"},"query-input":{"@type":"PropertyValueSpecification","valueRequired":true,"valueName":"search_term_string"}}],"inLanguage":"fr-CA"},{"@type":"Organization","@id":"https:\/\/pourapprendre.com\/#organization","name":"Pour apprendre","url":"https:\/\/pourapprendre.com\/","logo":{"@type":"ImageObject","inLanguage":"fr-CA","@id":"https:\/\/pourapprendre.com\/#\/schema\/logo\/image\/","url":"https:\/\/pourapprendre.com\/wp-content\/uploads\/2023\/08\/Pour-Apprendre-Icone-1.png","contentUrl":"https:\/\/pourapprendre.com\/wp-content\/uploads\/2023\/08\/Pour-Apprendre-Icone-1.png","width":1563,"height":1563,"caption":"Pour apprendre"},"image":{"@id":"https:\/\/pourapprendre.com\/#\/schema\/logo\/image\/"}}]}},"_links":{"self":[{"href":"https:\/\/pourapprendre.com\/index.php\/wp-json\/wp\/v2\/pages\/3","targetHints":{"allow":["GET"]}}],"collection":[{"href":"https:\/\/pourapprendre.com\/index.php\/wp-json\/wp\/v2\/pages"}],"about":[{"href":"https:\/\/pourapprendre.com\/index.php\/wp-json\/wp\/v2\/types\/page"}],"author":[{"embeddable":true,"href":"https:\/\/pourapprendre.com\/index.php\/wp-json\/wp\/v2\/users\/1"}],"replies":[{"embeddable":true,"href":"https:\/\/pourapprendre.com\/index.php\/wp-json\/wp\/v2\/comments?post=3"}],"version-history":[{"count":3,"href":"https:\/\/pourapprendre.com\/index.php\/wp-json\/wp\/v2\/pages\/3\/revisions"}],"predecessor-version":[{"id":165,"href":"https:\/\/pourapprendre.com\/index.php\/wp-json\/wp\/v2\/pages\/3\/revisions\/165"}],"wp:attachment":[{"href":"https:\/\/pourapprendre.com\/index.php\/wp-json\/wp\/v2\/media?parent=3"}],"curies":[{"name":"wp","href":"https:\/\/api.w.org\/{rel}","templated":true}]}}